{"id":40,"date":"2023-03-22T21:44:08","date_gmt":"2023-03-22T21:44:08","guid":{"rendered":"http:\/\/stadtsportverband-viersen.de\/?page_id=40"},"modified":"2023-06-04T09:58:26","modified_gmt":"2023-06-04T09:58:26","slug":"aufgaben","status":"publish","type":"page","link":"http:\/\/stadtsportverband-viersen.de\/?page_id=40","title":{"rendered":"Aufgaben"},"content":{"rendered":"\n<h3 class=\"has-text-color\" style=\"color:#277b21\">Der Stadtsportverband Viersen (SSV) bietet einen breitgef\u00e4cherten Service f\u00fcr die Sportvereine, Sportlerinnen und Sportler der Stadt Viersen. Er wurde nach der kommunalen Neugliederung Anfang der 70er Jahre gegr\u00fcndet, als aus der bis dahin kreisfreien Stadt Viersen, den St\u00e4dten D\u00fclken und S\u00fcchteln und der Gemeinde Boisheim die neue Stadt Viersen gebildet wurde.<\/h3>\n\n\n\n<h3 class=\"has-text-color\" style=\"color:#277b21\">Generelle Aufgabe des SSV ist es, den Sport in jeder Beziehung im Sinne der Sportf\u00f6rderrichtlinien der Stadt Viersen zu f\u00f6rdern und die daf\u00fcr erforderlichen Ma\u00dfnahmen zu koordinieren. So soll allen Einwohnern in Viersen die M\u00f6glichkeit gegeben werden, Sport im Rahmen der \u00f6rtlich vorgegebenen Bedingungen (Sportst\u00e4tten, zur Verf\u00fcgung stehende F\u00f6rdermittel etc.) zu treiben.<\/h3>\n\n\n\n<h3 class=\"has-text-color\" style=\"color:#277b21\">Mit Rat und Tat unterst\u00fctzt der SSV die ihm angeschlossenen Vereine in ihrer Arbeit. Er vertritt die sportlichen Belange der Vereine und ihrer Mitglieder in \u00f6rtlichen und \u00fcber\u00f6rtlichen Angelegenheiten gegen\u00fcber Rat und Verwaltung der Stadt Viersen.<\/h3>\n\n\n\n<h3 class=\"has-text-color\" style=\"color:#277b21\">Des Weiteren organisiert der SSV u.a. in jedem Jahr die Veranstaltung zur Ehrung verdienter Viersener Sportlerinnen und Sportler. Durch seine Fachschaften beteiligt er sich an der Organisation von Stadtmeisterschaften in den verschiedenen Sportarten.<\/h3>\n\n\n\n<h3 class=\"has-text-color\" style=\"color:#277b21\">Auf die Ebene der Kreise und kreisfreien St\u00e4dte des Landes NRW bezogen, haben die Kreis- und Stadtsportb\u00fcnde (KSB\/SSB) \u00e4hnliche Aufgaben. Der SSV Viersen ist wie die anderen SSV und GSV des Kreises Viersen Mitglied im Kreissportbund Viersen.<\/h3>\n","protected":false},"excerpt":{"rendered":"<p>Der Stadtsportverband Viersen (SSV) bietet einen breitgef\u00e4cherten Service f\u00fcr die Sportvereine, Sportlerinnen und Sportler der Stadt Viersen. Er wurde nach der kommunalen Neugliederung Anfang der 70er Jahre gegr\u00fcndet, als aus der bis dahin kreisfreien Stadt Viersen, den St\u00e4dten D\u00fclken und &hellip;<\/p>\n<p class=\"read-more\"> <a class=\"more-link\" href=\"http:\/\/stadtsportverband-viersen.de\/?page_id=40\"> <span class=\"screen-reader-text\">Aufgaben<\/span> Read More &raquo;<\/a><\/p>\n","protected":false},"author":1,"featured_media":0,"parent":38,"menu_order":0,"comment_status":"closed","ping_status":"closed","template":"","meta":[],"_links":{"self":[{"href":"http:\/\/stadtsportverband-viersen.de\/index.php?rest_route=\/wp\/v2\/pages\/40"}],"collection":[{"href":"http:\/\/stadtsportverband-viersen.de\/index.php?rest_route=\/wp\/v2\/pages"}],"about":[{"href":"http:\/\/stadtsportverband-viersen.de\/index.php?rest_route=\/wp\/v2\/types\/page"}],"author":[{"embeddable":true,"href":"http:\/\/stadtsportverband-viersen.de\/index.php?rest_route=\/wp\/v2\/users\/1"}],"replies":[{"embeddable":true,"href":"http:\/\/stadtsportverband-viersen.de\/index.php?rest_route=%2Fwp%2Fv2%2Fcomments&post=40"}],"version-history":[{"count":3,"href":"http:\/\/stadtsportverband-viersen.de\/index.php?rest_route=\/wp\/v2\/pages\/40\/revisions"}],"predecessor-version":[{"id":1115,"href":"http:\/\/stadtsportverband-viersen.de\/index.php?rest_route=\/wp\/v2\/pages\/40\/revisions\/1115"}],"up":[{"embeddable":true,"href":"http:\/\/stadtsportverband-viersen.de\/index.php?rest_route=\/wp\/v2\/pages\/38"}],"wp:attachment":[{"href":"http:\/\/stadtsportverband-viersen.de\/index.php?rest_route=%2Fwp%2Fv2%2Fmedia&parent=40"}],"curies":[{"name":"wp","href":"https:\/\/api.w.org\/{rel}","templated":true}]}}