{"id":16,"date":"2023-03-22T21:16:28","date_gmt":"2023-03-22T21:16:28","guid":{"rendered":"http:\/\/stadtsportverband-viersen.de\/?page_id=16"},"modified":"2023-07-02T11:48:20","modified_gmt":"2023-07-02T11:48:20","slug":"elementor-16","status":"publish","type":"page","link":"https:\/\/stadtsportverband-viersen.de\/?page_id=16","title":{"rendered":"Galerie"},"content":{"rendered":"\n<h1><span style=\"color: #0000ff;\">Impressionen aus der Arbeit des SSV<\/span><\/h1>\n\n\n\n<h2><span style=\"color: #008000;\">2023-06-13 Siegerehrung bei den Stadtmeisterschaften im Schach<\/span><\/h2>\n\n\n\n<h4>Frank Schiffers, der zweite Vorsitzende des SSV, f\u00fchrte die Siegerehrung bei den Stadtmeisterschaften im Schach durch. Anschlie\u00dfend durfte er ein wenig beim Blitzschachturnier zuschauen. Ein spannender Sport, der unter anderem bei den Schachfreunden von Blau-Wei\u00df Concordia Viersen gespielt wird. Das war mega interessant und es war sch\u00f6n zu erfahren, dass auch viele Jugendliche sich mittlerweile dem Schachsport zuwenden.<\/h4>\n\n\n\n<h4>Hier ein Link zu den Impressionen (inkl. Stadtmeister), die Frank f\u00fcr unsere Facebook-Seite zusammengestellt hat: <\/h4>\n\n\n\n<h4><a href=\"https:\/\/www.facebook.com\/StadtsportverbandViersenEv\/videos\/804799857682764\">https:\/\/www.facebook.com\/StadtsportverbandViersenEv\/videos\/804799857682764<\/a><\/h4>\n\n\n\n<h1><\/h1>\n\n\n\n<h2><span style=\"color: #008000;\">2022-12-26 Spatenstich an der Brandenburger Stra\u00dfe<\/span><\/h2>\n\n\n\n<figure class=\"wp-block-image size-large\"><img fetchpriority=\"high\" decoding=\"async\" width=\"1024\" height=\"768\" src=\"http:\/\/stadtsportverband-viersen.de\/wp-content\/uploads\/2023\/07\/Spatenstich-2-1024x768.jpg\" alt=\"\" class=\"wp-image-1187\" srcset=\"https:\/\/stadtsportverband-viersen.de\/wp-content\/uploads\/2023\/07\/Spatenstich-2-1024x768.jpg 1024w, https:\/\/stadtsportverband-viersen.de\/wp-content\/uploads\/2023\/07\/Spatenstich-2-300x225.jpg 300w, https:\/\/stadtsportverband-viersen.de\/wp-content\/uploads\/2023\/07\/Spatenstich-2-768x576.jpg 768w, https:\/\/stadtsportverband-viersen.de\/wp-content\/uploads\/2023\/07\/Spatenstich-2-100x75.jpg 100w, https:\/\/stadtsportverband-viersen.de\/wp-content\/uploads\/2023\/07\/Spatenstich-2-150x113.jpg 150w, https:\/\/stadtsportverband-viersen.de\/wp-content\/uploads\/2023\/07\/Spatenstich-2-200x150.jpg 200w, https:\/\/stadtsportverband-viersen.de\/wp-content\/uploads\/2023\/07\/Spatenstich-2-450x338.jpg 450w, https:\/\/stadtsportverband-viersen.de\/wp-content\/uploads\/2023\/07\/Spatenstich-2-600x450.jpg 600w, https:\/\/stadtsportverband-viersen.de\/wp-content\/uploads\/2023\/07\/Spatenstich-2-900x675.jpg 900w, https:\/\/stadtsportverband-viersen.de\/wp-content\/uploads\/2023\/07\/Spatenstich-2.jpg 1080w\" sizes=\"(max-width: 1024px) 100vw, 1024px\" \/><\/figure>\n\n\n\n<h4>\u201eSpatenstich\u201c auf der Sportanlage an der Brandenburger Stra\u00dfe in Viersen-D\u00fclken! F\u00fcr 1,8 Millionen Euro wird die Anlage modernisiert, f\u00fcr Vereins- und f\u00fcr Freizeitsportler\u2026 eine gute, richtige und \u00fcberf\u00e4llige Entscheidung und wir freuen uns dass es los geht.<\/h4>\n\n\n\n<h4>Unser 2. Vorsitzender Frank Schiffers unterst\u00fctzte die B\u00fcrgermeisterin Sabine Anem\u00fcller, den Beigeordneten Ertun\u00e7 Deniz, den Vorsitzenden des Sportausschuss Rainer Thielmann und den Abteilungsleiter f\u00fcr Schule und Sport <a><\/a>Hans-J\u00f6rg Mommert. Anwesend nat\u00fcrlich die Vertreter der ausf\u00fchrenden Firmen, das Planungsb\u00fcro Geo3 sowie das Tiefbauunternehmen Weindorf.<\/h4>\n\n\n\n<h4>Wir werden euch auf dem laufenden halten und berichten <img decoding=\"async\" height=\"16\" width=\"16\" alt=\"\ud83d\ude0a\" src=\"https:\/\/static.xx.fbcdn.net\/images\/emoji.php\/v9\/td8\/1.5\/16\/1f60a.png\"><\/h4>\n\n\n\n<h4>&nbsp;<\/h4>\n\n\n\n<h1><\/h1>\n\n\n\n<h2><span style=\"color: #008000;\">2022-05-01 Er\u00f6ffnung der neuen Petanquehalle<\/span><\/h2>\n\n\n\n<figure class=\"wp-block-image size-large\"><img decoding=\"async\" width=\"1024\" height=\"768\" src=\"http:\/\/stadtsportverband-viersen.de\/wp-content\/uploads\/2023\/07\/Petanque-1-1-1024x768.jpeg\" alt=\"\" class=\"wp-image-1198\" srcset=\"https:\/\/stadtsportverband-viersen.de\/wp-content\/uploads\/2023\/07\/Petanque-1-1-1024x768.jpeg 1024w, https:\/\/stadtsportverband-viersen.de\/wp-content\/uploads\/2023\/07\/Petanque-1-1-300x225.jpeg 300w, https:\/\/stadtsportverband-viersen.de\/wp-content\/uploads\/2023\/07\/Petanque-1-1-768x576.jpeg 768w, https:\/\/stadtsportverband-viersen.de\/wp-content\/uploads\/2023\/07\/Petanque-1-1-100x75.jpeg 100w, https:\/\/stadtsportverband-viersen.de\/wp-content\/uploads\/2023\/07\/Petanque-1-1-150x112.jpeg 150w, https:\/\/stadtsportverband-viersen.de\/wp-content\/uploads\/2023\/07\/Petanque-1-1-200x150.jpeg 200w, https:\/\/stadtsportverband-viersen.de\/wp-content\/uploads\/2023\/07\/Petanque-1-1-450x337.jpeg 450w, https:\/\/stadtsportverband-viersen.de\/wp-content\/uploads\/2023\/07\/Petanque-1-1-600x450.jpeg 600w, https:\/\/stadtsportverband-viersen.de\/wp-content\/uploads\/2023\/07\/Petanque-1-1-900x675.jpeg 900w, https:\/\/stadtsportverband-viersen.de\/wp-content\/uploads\/2023\/07\/Petanque-1-1.jpeg 1247w\" sizes=\"(max-width: 1024px) 100vw, 1024px\" \/><\/figure>\n\n\n\n<h4 class=\"has-text-align-center\">Das Petanque-Gel\u00e4nde an der Halle in Beberich<\/h4>\n\n\n\n<figure class=\"wp-block-image size-full\"><img loading=\"lazy\" decoding=\"async\" width=\"1024\" height=\"768\" src=\"http:\/\/stadtsportverband-viersen.de\/wp-content\/uploads\/2023\/07\/Petanque-2-2.jpg\" alt=\"\" class=\"wp-image-1200\" srcset=\"https:\/\/stadtsportverband-viersen.de\/wp-content\/uploads\/2023\/07\/Petanque-2-2.jpg 1024w, https:\/\/stadtsportverband-viersen.de\/wp-content\/uploads\/2023\/07\/Petanque-2-2-300x225.jpg 300w, https:\/\/stadtsportverband-viersen.de\/wp-content\/uploads\/2023\/07\/Petanque-2-2-768x576.jpg 768w, https:\/\/stadtsportverband-viersen.de\/wp-content\/uploads\/2023\/07\/Petanque-2-2-100x75.jpg 100w, https:\/\/stadtsportverband-viersen.de\/wp-content\/uploads\/2023\/07\/Petanque-2-2-150x113.jpg 150w, https:\/\/stadtsportverband-viersen.de\/wp-content\/uploads\/2023\/07\/Petanque-2-2-200x150.jpg 200w, https:\/\/stadtsportverband-viersen.de\/wp-content\/uploads\/2023\/07\/Petanque-2-2-450x338.jpg 450w, https:\/\/stadtsportverband-viersen.de\/wp-content\/uploads\/2023\/07\/Petanque-2-2-600x450.jpg 600w, https:\/\/stadtsportverband-viersen.de\/wp-content\/uploads\/2023\/07\/Petanque-2-2-900x675.jpg 900w\" sizes=\"(max-width: 1024px) 100vw, 1024px\" \/><\/figure>\n\n\n\n<h4>Am Wochenende war der Vorstand des Stadtsportverband Viersen zur offiziellen Er\u00f6ffnung der neuen Halle des Viersener Petanque Club e. V. eingeladen. Gerne sind wir der Einladung gefolgt, konnten wir doch im Vorfeld helfen, mit F\u00f6rdergelder des Landes NRW das Projekt zu unterst\u00fctzen.<\/h4>\n\n\n\n<h4> Wir w\u00fcnschen dem Club viel Erfolg mit der neuen Halle, m\u00f6gen viele diesen interessanten Sport ausprobieren<\/h4>\n\n\n\n<p><\/p>\n\n\n\n<h1><\/h1>\n\n\n\n<h2><span style=\"color: #008000;\">2021-08-27 Jahreshauptversammlung Ver\u00e4nderungen im Vorstand<\/span><\/h2>\n\n\n\n<figure class=\"wp-block-image size-full\"><img loading=\"lazy\" decoding=\"async\" width=\"960\" height=\"498\" src=\"http:\/\/stadtsportverband-viersen.de\/wp-content\/uploads\/2023\/07\/JHV-2021.jpg\" alt=\"\" class=\"wp-image-1190\" srcset=\"https:\/\/stadtsportverband-viersen.de\/wp-content\/uploads\/2023\/07\/JHV-2021.jpg 960w, https:\/\/stadtsportverband-viersen.de\/wp-content\/uploads\/2023\/07\/JHV-2021-300x156.jpg 300w, https:\/\/stadtsportverband-viersen.de\/wp-content\/uploads\/2023\/07\/JHV-2021-768x398.jpg 768w, https:\/\/stadtsportverband-viersen.de\/wp-content\/uploads\/2023\/07\/JHV-2021-100x52.jpg 100w, https:\/\/stadtsportverband-viersen.de\/wp-content\/uploads\/2023\/07\/JHV-2021-150x78.jpg 150w, https:\/\/stadtsportverband-viersen.de\/wp-content\/uploads\/2023\/07\/JHV-2021-200x104.jpg 200w, https:\/\/stadtsportverband-viersen.de\/wp-content\/uploads\/2023\/07\/JHV-2021-450x233.jpg 450w, https:\/\/stadtsportverband-viersen.de\/wp-content\/uploads\/2023\/07\/JHV-2021-600x311.jpg 600w, https:\/\/stadtsportverband-viersen.de\/wp-content\/uploads\/2023\/07\/JHV-2021-900x467.jpg 900w\" sizes=\"(max-width: 960px) 100vw, 960px\" \/><\/figure>\n\n\n\n<h4><\/h4>\n\n\n\n<h4>Die erste Jahreshauptversammlung des SSV nach der Coronapause fand am 27.08.2021 in der Mensa der Primusschule statt. Dabei gab es einige Ver\u00e4nderungen im Vorstand.&nbsp;<\/h4>\n\n\n\n<h4 class=\"has-button-color-color has-text-color\"><a href=\"http:\/\/stadtsportverband-viersen.de\/?p=1141\" data-type=\"post\" data-id=\"1141\">Hier weiterlesen <\/a>!<\/h4>\n","protected":false},"excerpt":{"rendered":"<p>Impressionen aus der Arbeit des SSV 2023-06-13 Siegerehrung bei den Stadtmeisterschaften im Schach Frank Schiffers, der zweite Vorsitzende des SSV, f\u00fchrte die Siegerehrung bei den Stadtmeisterschaften im Schach durch. Anschlie\u00dfend durfte er ein wenig beim Blitzschachturnier zuschauen. Ein spannender Sport, &hellip;<\/p>\n<p class=\"read-more\"> <a class=\"more-link\" href=\"https:\/\/stadtsportverband-viersen.de\/?page_id=16\"> <span class=\"screen-reader-text\">Galerie<\/span> Read More &raquo;<\/a><\/p>\n","protected":false},"author":1,"featured_media":0,"parent":0,"menu_order":70,"comment_status":"closed","ping_status":"closed","template":"","meta":[],"_links":{"self":[{"href":"https:\/\/stadtsportverband-viersen.de\/index.php?rest_route=\/wp\/v2\/pages\/16"}],"collection":[{"href":"https:\/\/stadtsportverband-viersen.de\/index.php?rest_route=\/wp\/v2\/pages"}],"about":[{"href":"https:\/\/stadtsportverband-viersen.de\/index.php?rest_route=\/wp\/v2\/types\/page"}],"author":[{"embeddable":true,"href":"https:\/\/stadtsportverband-viersen.de\/index.php?rest_route=\/wp\/v2\/users\/1"}],"replies":[{"embeddable":true,"href":"https:\/\/stadtsportverband-viersen.de\/index.php?rest_route=%2Fwp%2Fv2%2Fcomments&post=16"}],"version-history":[{"count":37,"href":"https:\/\/stadtsportverband-viersen.de\/index.php?rest_route=\/wp\/v2\/pages\/16\/revisions"}],"predecessor-version":[{"id":1209,"href":"https:\/\/stadtsportverband-viersen.de\/index.php?rest_route=\/wp\/v2\/pages\/16\/revisions\/1209"}],"wp:attachment":[{"href":"https:\/\/stadtsportverband-viersen.de\/index.php?rest_route=%2Fwp%2Fv2%2Fmedia&parent=16"}],"curies":[{"name":"wp","href":"https:\/\/api.w.org\/{rel}","templated":true}]}}