{"id":67,"date":"2023-04-05T21:50:55","date_gmt":"2023-04-05T21:50:55","guid":{"rendered":"https:\/\/stadtsportverband-viersen.de\/?page_id=67"},"modified":"2023-06-04T10:34:00","modified_gmt":"2023-06-04T10:34:00","slug":"impressum","status":"publish","type":"page","link":"https:\/\/stadtsportverband-viersen.de\/?page_id=67","title":{"rendered":"Impressum"},"content":{"rendered":"\n<p><\/p>\n\n\n\n<div class=\"is-vertical is-layout-flex wp-container-2 wp-block-group\">\n<h2 class=\"has-text-color\" style=\"color:#099e18\">Stadtsportverband Viersen e.V.<\/h2>\n\n\n\n<div class=\"is-vertical is-layout-flex wp-container-1 wp-block-group\">\n<h3>Gesch\u00e4ftsstelle<\/h3>\n\n\n\n<h3>Willy-Brandt-Ring 40<\/h3>\n\n\n\n<h3>41747 Viersen<\/h3>\n\n\n\n<h3>Tel.: 02162\/5307721<\/h3>\n\n\n\n<h3 class=\"has-button-color-color has-text-color\">Mail: info@stadtsportverband-viersen.de <\/h3>\n\n\n\n<h3 class=\"has-button-color-color has-text-color\">Website: <a href=\"http:\/\/stadtsportverband-viersen.de\/?page_id=46\" data-type=\"page\" data-id=\"46\">www.stadtsportverband-viersen.de<\/a><\/h3>\n\n\n\n<p><\/p>\n\n\n\n<p><\/p>\n<\/div>\n<\/div>\n\n\n\n<h3>Eingetragen beim Amtsgericht M\u00f6nchengladbach im Vereinsregister Nr. VR 3213<\/h3>\n\n\n\n<p><\/p>\n\n\n\n<h3><strong>Vertreten durch den gesch\u00e4ftsf\u00fchrenden Vorstand, bestehend aus:<\/strong><\/h3>\n\n\n\n<div class=\"is-vertical is-layout-flex wp-container-3 wp-block-group\">\n<h3 class=\"has-text-color\" style=\"color:#b01d13f0\">1.Vorsitzender <\/h3>\n\n\n\n<h4>Thomas Schneider<\/h4>\n\n\n\n<h4>P\u00fctterh\u00f6fer Weg 7a<\/h4>\n\n\n\n<h4>41751 Viersen<\/h4>\n\n\n\n<h4>Handy: 0171\/5251585<\/h4>\n\n\n\n<h4>Mail:&nbsp;<a href=\"mailto:Thomas.Schneider@budo-line.de\">Thomas.Schneider@budo-line.de<\/a><\/h4>\n\n\n\n<p><\/p>\n<\/div>\n\n\n\n<p><\/p>\n\n\n\n<div class=\"is-vertical is-layout-flex wp-container-5 wp-block-group\">\n<h3 class=\"has-text-color\" style=\"color:#bc0808\">2.Vorsitzender<\/h3>\n\n\n\n<div class=\"is-vertical is-layout-flex wp-container-4 wp-block-group\">\n<h4>Frank Schiffers<\/h4>\n\n\n\n<h4>Bismarckstra\u00dfe 47<\/h4>\n\n\n\n<h4>41747 Viersen<\/h4>\n\n\n\n<h4><strong>Tel.:<\/strong>&nbsp;02162\/30888<\/h4>\n\n\n\n<h4 class=\"has-button-color-color has-text-color\">Handy: 0157\/86199880<\/h4>\n\n\n\n<h4 class=\"has-button-color-color has-text-color\">Mail:&nbsp;<a href=\"mailto:info@fs-events.de\">info@fs-events.de<\/a><\/h4>\n<\/div>\n<\/div>\n\n\n\n<p><\/p>\n\n\n\n<div class=\"is-vertical is-layout-flex wp-container-7 wp-block-group\">\n<div class=\"is-vertical is-layout-flex wp-container-6 wp-block-group\">\n<h3 class=\"has-text-color\" style=\"color:#b80b0b\">Schriftf\u00fchrerin<\/h3>\n\n\n\n<h4>Vera Wiese<\/h4>\n\n\n\n<h4><strong>Tel.:<\/strong>&nbsp;02162-8216<\/h4>\n\n\n\n<h4>Mail:&nbsp;<a href=\"mailto:info@stadtsportverband-viersen.de\">info@stadtsportverband-viersen.de<\/a><\/h4>\n<\/div>\n<\/div>\n\n\n\n<p><\/p>\n\n\n\n<div class=\"is-vertical is-layout-flex wp-container-8 wp-block-group\">\n<h3 class=\"has-text-color\" style=\"color:#b70404\">Kassenwart<\/h3>\n\n\n\n<h4>Werner van Kessel<\/h4>\n\n\n\n<h4>Pommernweg 5<\/h4>\n\n\n\n<h4>41751 Viersen<\/h4>\n\n\n\n<h4>Tel: 02153\/3215<\/h4>\n\n\n\n<h4 class=\"has-button-color-color has-text-color\">Mail: werner.van.kessel@t-online.de<\/h4>\n<\/div>\n\n\n\n<h2><\/h2>\n\n\n\n<h2><\/h2>\n\n\n\n<div class=\"is-vertical is-layout-flex wp-container-9 wp-block-group\">\n<h4 class=\"has-button-color-color has-text-color\"><strong>Verantwortlicher f\u00fcr journalistisch-redaktionelle Inhalte iSd. \u00a7 55 II RStV: <\/strong><\/h4>\n\n\n\n<h4 class=\"has-button-color-color has-text-color\"><strong>Werner van Kessel<\/strong><\/h4>\n<\/div>\n","protected":false},"excerpt":{"rendered":"<p>Eingetragen beim Amtsgericht M\u00f6nchengladbach im Vereinsregister Nr. VR 3213 Vertreten durch den gesch\u00e4ftsf\u00fchrenden Vorstand, bestehend aus: 1.Vorsitzender Thomas Schneider P\u00fctterh\u00f6fer Weg 7a 41751 Viersen Handy: 0171\/5251585 Mail:&nbsp;Thomas.Schneider@budo-line.de 2.Vorsitzender Frank Schiffers Bismarckstra\u00dfe 47 41747 Viersen Tel.:&nbsp;02162\/30888 Handy: 0157\/86199880 Mail:&nbsp;info@fs-events.de Schriftf\u00fchrerin Vera &hellip;<\/p>\n<p class=\"read-more\"> <a class=\"more-link\" href=\"https:\/\/stadtsportverband-viersen.de\/?page_id=67\"> <span class=\"screen-reader-text\">Impressum<\/span> Read More &raquo;<\/a><\/p>\n","protected":false},"author":1,"featured_media":0,"parent":0,"menu_order":99,"comment_status":"closed","ping_status":"closed","template":"","meta":[],"_links":{"self":[{"href":"https:\/\/stadtsportverband-viersen.de\/index.php?rest_route=\/wp\/v2\/pages\/67"}],"collection":[{"href":"https:\/\/stadtsportverband-viersen.de\/index.php?rest_route=\/wp\/v2\/pages"}],"about":[{"href":"https:\/\/stadtsportverband-viersen.de\/index.php?rest_route=\/wp\/v2\/types\/page"}],"author":[{"embeddable":true,"href":"https:\/\/stadtsportverband-viersen.de\/index.php?rest_route=\/wp\/v2\/users\/1"}],"replies":[{"embeddable":true,"href":"https:\/\/stadtsportverband-viersen.de\/index.php?rest_route=%2Fwp%2Fv2%2Fcomments&post=67"}],"version-history":[{"count":16,"href":"https:\/\/stadtsportverband-viersen.de\/index.php?rest_route=\/wp\/v2\/pages\/67\/revisions"}],"predecessor-version":[{"id":1118,"href":"https:\/\/stadtsportverband-viersen.de\/index.php?rest_route=\/wp\/v2\/pages\/67\/revisions\/1118"}],"wp:attachment":[{"href":"https:\/\/stadtsportverband-viersen.de\/index.php?rest_route=%2Fwp%2Fv2%2Fmedia&parent=67"}],"curies":[{"name":"wp","href":"https:\/\/api.w.org\/{rel}","templated":true}]}}